{"id":4095,"date":"2020-09-18T00:05:45","date_gmt":"2020-09-18T03:05:45","guid":{"rendered":"https:\/\/site.cpqba.unicamp.br\/?page_id=4095"},"modified":"2026-01-05T16:35:10","modified_gmt":"2026-01-05T19:35:10","slug":"cqt-2","status":"publish","type":"page","link":"https:\/\/site.cpqba.unicamp.br\/en\/cqt-2\/","title":{"rendered":"CQT"},"content":{"rendered":"<div data-elementor-type=\"wp-post\" data-elementor-id=\"4095\" class=\"elementor elementor-4095\" data-elementor-settings=\"{&quot;ha_cmc_init_switcher&quot;:&quot;no&quot;}\">\n\t\t\t\t\t\t<section class=\"elementor-section elementor-top-section elementor-element elementor-element-f9e0a96 elementor-section-boxed elementor-section-height-default elementor-section-height-default\" data-id=\"f9e0a96\" data-element_type=\"section\" data-e-type=\"section\" data-settings=\"{&quot;_ha_eqh_enable&quot;:false}\">\n\t\t\t\t\t\t<div class=\"elementor-container elementor-column-gap-default\">\n\t\t\t\t\t<div class=\"elementor-column elementor-col-100 elementor-top-column elementor-element elementor-element-87fccc2\" data-id=\"87fccc2\" data-element_type=\"column\" data-e-type=\"column\">\n\t\t\t<div class=\"elementor-widget-wrap elementor-element-populated\">\n\t\t\t\t\t\t<div class=\"elementor-element elementor-element-942d79d elementor-widget elementor-widget-spacer\" data-id=\"942d79d\" data-element_type=\"widget\" data-e-type=\"widget\" data-widget_type=\"spacer.default\">\n\t\t\t\t<div class=\"elementor-widget-container\">\n\t\t\t\t\t\t\t<div class=\"elementor-spacer\">\n\t\t\t<div class=\"elementor-spacer-inner\"><\/div>\n\t\t<\/div>\n\t\t\t\t\t\t<\/div>\n\t\t\t\t<\/div>\n\t\t\t\t\t<\/div>\n\t\t<\/div>\n\t\t\t\t\t<\/div>\n\t\t<\/section>\n\t\t\t\t<section class=\"elementor-section elementor-top-section elementor-element elementor-element-c19df97 elementor-section-stretched elementor-section-content-middle elementor-section-boxed elementor-section-height-default elementor-section-height-default\" data-id=\"c19df97\" data-element_type=\"section\" data-e-type=\"section\" data-settings=\"{&quot;stretch_section&quot;:&quot;section-stretched&quot;,&quot;_ha_eqh_enable&quot;:false}\">\n\t\t\t\t\t\t<div class=\"elementor-container elementor-column-gap-extended\">\n\t\t\t\t\t<div class=\"elementor-column elementor-col-100 elementor-top-column elementor-element elementor-element-e44714e\" data-id=\"e44714e\" data-element_type=\"column\" data-e-type=\"column\" data-settings=\"{&quot;background_background&quot;:&quot;classic&quot;}\">\n\t\t\t<div class=\"elementor-widget-wrap elementor-element-populated\">\n\t\t\t\t\t\t<div class=\"elementor-element elementor-element-4f57d9f elementor-widget elementor-widget-heading\" data-id=\"4f57d9f\" data-element_type=\"widget\" data-e-type=\"widget\" data-widget_type=\"heading.default\">\n\t\t\t\t<div class=\"elementor-widget-container\">\n\t\t\t\t\t<h2 class=\"elementor-heading-title elementor-size-default\">COMISS\u00c3O DA QUALIDADE TOTAL<\/h2>\t\t\t\t<\/div>\n\t\t\t\t<\/div>\n\t\t\t\t\t<\/div>\n\t\t<\/div>\n\t\t\t\t\t<\/div>\n\t\t<\/section>\n\t\t\t\t<section class=\"elementor-section elementor-top-section elementor-element elementor-element-7bf16ff elementor-section-boxed elementor-section-height-default elementor-section-height-default\" data-id=\"7bf16ff\" data-element_type=\"section\" data-e-type=\"section\" data-settings=\"{&quot;_ha_eqh_enable&quot;:false}\">\n\t\t\t\t\t\t<div class=\"elementor-container elementor-column-gap-default\">\n\t\t\t\t\t<div class=\"elementor-column elementor-col-100 elementor-top-column elementor-element elementor-element-40e5a05\" data-id=\"40e5a05\" data-element_type=\"column\" data-e-type=\"column\">\n\t\t\t<div class=\"elementor-widget-wrap elementor-element-populated\">\n\t\t\t\t\t\t<div class=\"elementor-element elementor-element-aad1672 elementor-widget elementor-widget-spacer\" data-id=\"aad1672\" data-element_type=\"widget\" data-e-type=\"widget\" data-widget_type=\"spacer.default\">\n\t\t\t\t<div class=\"elementor-widget-container\">\n\t\t\t\t\t\t\t<div class=\"elementor-spacer\">\n\t\t\t<div class=\"elementor-spacer-inner\"><\/div>\n\t\t<\/div>\n\t\t\t\t\t\t<\/div>\n\t\t\t\t<\/div>\n\t\t\t\t\t<\/div>\n\t\t<\/div>\n\t\t\t\t\t<\/div>\n\t\t<\/section>\n\t\t\t\t<section class=\"elementor-section elementor-top-section elementor-element elementor-element-bea7931 elementor-section-boxed elementor-section-height-default elementor-section-height-default\" data-id=\"bea7931\" data-element_type=\"section\" data-e-type=\"section\" data-settings=\"{&quot;background_background&quot;:&quot;classic&quot;,&quot;_ha_eqh_enable&quot;:false}\">\n\t\t\t\t\t\t<div class=\"elementor-container elementor-column-gap-default\">\n\t\t\t\t\t<div class=\"elementor-column elementor-col-33 elementor-top-column elementor-element elementor-element-05f2679\" data-id=\"05f2679\" data-element_type=\"column\" data-e-type=\"column\">\n\t\t\t<div class=\"elementor-widget-wrap elementor-element-populated\">\n\t\t\t\t\t\t<div class=\"elementor-element elementor-element-18c3ad2 elementor-widget elementor-widget-image\" data-id=\"18c3ad2\" data-element_type=\"widget\" data-e-type=\"widget\" data-widget_type=\"image.default\">\n\t\t\t\t<div class=\"elementor-widget-container\">\n\t\t\t\t\t\t\t\t\t\t\t\t\t\t\t<img fetchpriority=\"high\" decoding=\"async\" width=\"423\" height=\"297\" src=\"https:\/\/site.cpqba.unicamp.br\/wp-content\/uploads\/2020\/09\/logocqt.png\" class=\"attachment-medium_large size-medium_large wp-image-4097\" alt=\"\" srcset=\"https:\/\/site.cpqba.unicamp.br\/wp-content\/uploads\/2020\/09\/logocqt.png 423w, https:\/\/site.cpqba.unicamp.br\/wp-content\/uploads\/2020\/09\/logocqt-300x211.png 300w\" sizes=\"(max-width: 423px) 100vw, 423px\" \/>\t\t\t\t\t\t\t\t\t\t\t\t\t\t\t<\/div>\n\t\t\t\t<\/div>\n\t\t\t\t\t<\/div>\n\t\t<\/div>\n\t\t\t\t<div class=\"elementor-column elementor-col-66 elementor-top-column elementor-element elementor-element-30cb11c\" data-id=\"30cb11c\" data-element_type=\"column\" data-e-type=\"column\" data-settings=\"{&quot;background_background&quot;:&quot;classic&quot;}\">\n\t\t\t<div class=\"elementor-widget-wrap elementor-element-populated\">\n\t\t\t\t\t\t<div class=\"elementor-element elementor-element-8c80265 ha-has-bg-overlay elementor-widget elementor-widget-text-editor\" data-id=\"8c80265\" data-element_type=\"widget\" data-e-type=\"widget\" data-widget_type=\"text-editor.default\">\n\t\t\t\t<div class=\"elementor-widget-container\">\n\t\t\t\t\t\t\t\t\t<style>\n.center {\n  width: 100%;\n  border: 1px solid #b6ae4ab;\n  padding: 10px;\nbackground-color: #ffffff;\n}\n\n.center1 {\n  text-align: center;\n}\n<\/style>\n\n<div class=\"center\">\n\n<strong><div class=\"center1\">CQT \u2013 INTRODU\u00c7\u00c3O<\/div><\/strong>\n<br>\nEm 1999 o CPQBA-UNICAMP iniciou a implanta\u00e7\u00e3o de um programa de Qualidade Total, oficializando uma filosofia de gest\u00e3o entre os funcion\u00e1rios do Centro, seus fornecedores e clientes. Foram adotadas as normas ABNT \nNBR ISO\/IEC 17025, GGLAS 02\/BPL (ANVISA) e NIT\/DICLA-35-BPL (INMETRO) como norteadoras dos trabalhos conduzidos pelo Centro.\nPassados alguns anos, e gra\u00e7as ao esfor\u00e7o e dedica\u00e7\u00e3o de seus funcion\u00e1rios, o CPQBA-UNICAMP pode oferecer a seus clientes diversos ensaios de presta\u00e7\u00e3o de servi\u00e7os, todos conduzidos de acordo com estas normas regulamentadoras.\nNo ano de 2009 o CPQBA-UNICAMP deu in\u00edcio a um programa de Gest\u00e3o Integrada, coordenado pela Comiss\u00e3o da Qualidade Total (CQT), que teve como princ\u00edpio \t\t\t\t\t\t\t\t<\/div>\n\t\t\t\t<\/div>\n\t\t\t\t\t<\/div>\n\t\t<\/div>\n\t\t\t\t\t<\/div>\n\t\t<\/section>\n\t\t\t\t<section class=\"elementor-section elementor-top-section elementor-element elementor-element-5c71a59 elementor-section-boxed elementor-section-height-default elementor-section-height-default\" data-id=\"5c71a59\" data-element_type=\"section\" data-e-type=\"section\" data-settings=\"{&quot;background_background&quot;:&quot;classic&quot;,&quot;_ha_eqh_enable&quot;:false}\">\n\t\t\t\t\t\t<div class=\"elementor-container elementor-column-gap-default\">\n\t\t\t\t\t<div class=\"elementor-column elementor-col-100 elementor-top-column elementor-element elementor-element-74748e4\" data-id=\"74748e4\" data-element_type=\"column\" data-e-type=\"column\" data-settings=\"{&quot;background_background&quot;:&quot;classic&quot;}\">\n\t\t\t<div class=\"elementor-widget-wrap elementor-element-populated\">\n\t\t\t\t\t\t<div class=\"elementor-element elementor-element-9bedc69 elementor-widget__width-initial ha-has-bg-overlay elementor-widget elementor-widget-text-editor\" data-id=\"9bedc69\" data-element_type=\"widget\" data-e-type=\"widget\" data-widget_type=\"text-editor.default\">\n\t\t\t\t<div class=\"elementor-widget-container\">\n\t\t\t\t\t\t\t\t\t<p>fundamental, al\u00e9m dos trabalhos oferecidos segundo as normas de Qualidade j\u00e1 implantadas, atuar de maneira Socialmente Respons\u00e1vel (ABNT NBR 16001), com respeito ao Meio Ambiente (ABNT NBR ISO 14001) e buscando o aprimoramento cont\u00ednuo de suas atividades, com seus colaboradores atuando em um ambiente Seguro e Saud\u00e1vel (OHSAS 18001).<\/p><div><p>Em continuidade ao processo de aprimoramento de suas atividades, em 2019 o CPQBA-UNICAMP obteve a acredita\u00e7\u00e3o junto ao INMETRO de sua Cole\u00e7\u00e3o Brasileira de Microrganismos de Ambiente e Ind\u00fastria (CBMAI), pautada pelas normas ABNT NBR ISO\/IEC 17025-2017 e diretrizes para Boas Pr\u00e1ticas para Centro de Recursos Biol\u00f3gicos, da Organiza\u00e7\u00e3o para a Coopera\u00e7\u00e3o e Desenvolvimento Econ\u00f4mico (OECD Best Practice Guidelines for BRCs \u2013 2007).<\/p><p style=\"text-align: center;\"><b>CQT \u2013 MISS\u00c3O<\/b><\/p><p>Desenvolver pesquisas cient\u00edficas e tecnol\u00f3gicas de car\u00e1ter interdisciplinar nas \u00e1reas de Qu\u00edmica, Biologia e Agrotecnologia, atendendo as demandas dos setores empresariais p\u00fablico e privado, por meio de conv\u00eanios de pesquisas, desenvolvimento tecnol\u00f3gico e contratos de presta\u00e7\u00e3o de servi\u00e7os, capacitando recursos humanos nas suas \u00e1reas de atua\u00e7\u00e3o, de acordo com os crit\u00e9rios de excel\u00eancia estabelecidos pela sociedade.<\/p><div style=\"text-align: center;\"><b>CQT \u2013 POL\u00cdTICA<\/b><\/div><div>\u00a0<\/div><div>O CPQBA\/UNICAMP, exercendo a voca\u00e7\u00e3o definida em sua miss\u00e3o de desenvolver pesquisas e prestar servi\u00e7os, objetiva atender seus clientes com imparcialidade e confidencialidade, dentro dos mais altos padr\u00f5es tecnol\u00f3gicos, por meio de boas pr\u00e1ticas profissionais e em concord\u00e2ncia com os requisitos estatut\u00e1rios da Universidade, regulamentadores da ABNT NBR ISO\/IEC 17025:2017, das Boas Pr\u00e1ticas para Centros de Recursos Biol\u00f3gicos e Boas Pr\u00e1ticas Laboratoriais. Para tanto, estabelece e implementa objetivos que assegurem a efic\u00e1cia e a melhoria cont\u00ednua do seu Sistema de Gest\u00e3o, contando com o comprometimento da Diretoria, da Ger\u00eancia da Qualidade, dos funcion\u00e1rios e dos colaboradores para com essa pol\u00edtica.<\/div><div>\u00a0<\/div><div style=\"text-align: center;\"><b>CQT \u2013 METAS<\/b><\/div><div>\u00a0<\/div><p>O Sistema de Gest\u00e3o Integrada do CPQBA-UNICAMP tem como principais metas:<\/p><ul><li>Acreditar junto aos \u00f3rg\u00e3os certificadores os ensaios de presta\u00e7\u00e3o de servi\u00e7os conduzidos pelo Centro ainda n\u00e3o habilitados;<\/li><li>Diminuir a emiss\u00e3o de poluentes;<\/li><li>Otimizar a utiliza\u00e7\u00e3o de reagentes qu\u00edmicos e de recursos h\u00eddricos e el\u00e9tricos;<\/li><li>Procurar na reciclagem uma ferramenta importante para o controle de impacto ambiental;<\/li><li>Buscar no treinamento e conscientiza\u00e7\u00e3o de seus colaboradores o desenvolvimento de suas atividades em condi\u00e7\u00f5es seguras, diminuindo a ocorr\u00eancia de acidentes ou de situa\u00e7\u00f5es de risco;<\/li><li>Estimular o desenvolvimento de atividades junto \u00e0 comunidade.<\/li><\/ul><div style=\"text-align: center;\"><b>CQT \u2013 RESPONS\u00c1VEIS<\/b><\/div><div>\u00a0<\/div><p>Dr. Rodney Alexandre Ferreira Rodrigues\u00a0 \u2013 Coordenador Associado<br \/>Dra. Ana Paula Ferreira de Souza \u2013 Gerente da Qualidade<br \/>Dr. Alexandre Nunes Ponezi \u2013 Gestor Ambiental<br \/>Dra. Adriana da Silva Santos de Oliveira \u2013 Gestora do Sistema de Seguran\u00e7a e Sa\u00fade Ocupacional<\/p><\/div>\t\t\t\t\t\t\t\t<\/div>\n\t\t\t\t<\/div>\n\t\t\t\t\t<\/div>\n\t\t<\/div>\n\t\t\t\t\t<\/div>\n\t\t<\/section>\n\t\t\t\t<section class=\"elementor-section elementor-top-section elementor-element elementor-element-af21769 elementor-section-boxed elementor-section-height-default elementor-section-height-default\" data-id=\"af21769\" data-element_type=\"section\" data-e-type=\"section\" data-settings=\"{&quot;_ha_eqh_enable&quot;:false}\">\n\t\t\t\t\t\t<div class=\"elementor-container elementor-column-gap-default\">\n\t\t\t\t\t<div class=\"elementor-column elementor-col-100 elementor-top-column elementor-element elementor-element-ebd4f97\" data-id=\"ebd4f97\" data-element_type=\"column\" data-e-type=\"column\">\n\t\t\t<div class=\"elementor-widget-wrap elementor-element-populated\">\n\t\t\t\t\t\t<div class=\"elementor-element elementor-element-53de342 elementor-widget elementor-widget-spacer\" data-id=\"53de342\" data-element_type=\"widget\" data-e-type=\"widget\" data-widget_type=\"spacer.default\">\n\t\t\t\t<div class=\"elementor-widget-container\">\n\t\t\t\t\t\t\t<div class=\"elementor-spacer\">\n\t\t\t<div class=\"elementor-spacer-inner\"><\/div>\n\t\t<\/div>\n\t\t\t\t\t\t<\/div>\n\t\t\t\t<\/div>\n\t\t\t\t\t<\/div>\n\t\t<\/div>\n\t\t\t\t\t<\/div>\n\t\t<\/section>\n\t\t\t\t<\/div>","protected":false},"excerpt":{"rendered":"<p>COMISS\u00c3O DA QUALIDADE TOTAL CQT \u2013 INTRODU\u00c7\u00c3O Em 1999 o CPQBA-UNICAMP iniciou a implanta\u00e7\u00e3o de um programa de Qualidade Total, oficializando uma filosofia de gest\u00e3o entre os funcion\u00e1rios do Centro, seus fornecedores e clientes. Foram adotadas as normas ABNT NBR ISO\/IEC 17025, GGLAS 02\/BPL (ANVISA) e NIT\/DICLA-35-BPL (INMETRO) como norteadoras dos trabalhos conduzidos pelo Centro. [&hellip;]<\/p>\n","protected":false},"author":7,"featured_media":0,"parent":0,"menu_order":0,"comment_status":"closed","ping_status":"closed","template":"","meta":{"ocean_post_layout":"","ocean_both_sidebars_style":"","ocean_both_sidebars_content_width":0,"ocean_both_sidebars_sidebars_width":0,"ocean_sidebar":"0","ocean_second_sidebar":"0","ocean_disable_margins":"enable","ocean_add_body_class":"","ocean_shortcode_before_top_bar":"","ocean_shortcode_after_top_bar":"","ocean_shortcode_before_header":"","ocean_shortcode_after_header":"","ocean_has_shortcode":"","ocean_shortcode_after_title":"","ocean_shortcode_before_footer_widgets":"","ocean_shortcode_after_footer_widgets":"","ocean_shortcode_before_footer_bottom":"","ocean_shortcode_after_footer_bottom":"","ocean_display_top_bar":"default","ocean_display_header":"default","ocean_header_style":"","ocean_center_header_left_menu":"0","ocean_custom_header_template":"0","ocean_custom_logo":0,"ocean_custom_retina_logo":0,"ocean_custom_logo_max_width":0,"ocean_custom_logo_tablet_max_width":0,"ocean_custom_logo_mobile_max_width":0,"ocean_custom_logo_max_height":0,"ocean_custom_logo_tablet_max_height":0,"ocean_custom_logo_mobile_max_height":0,"ocean_header_custom_menu":"0","ocean_menu_typo_font_family":"0","ocean_menu_typo_font_subset":"","ocean_menu_typo_font_size":0,"ocean_menu_typo_font_size_tablet":0,"ocean_menu_typo_font_size_mobile":0,"ocean_menu_typo_font_size_unit":"px","ocean_menu_typo_font_weight":"","ocean_menu_typo_font_weight_tablet":"","ocean_menu_typo_font_weight_mobile":"","ocean_menu_typo_transform":"","ocean_menu_typo_transform_tablet":"","ocean_menu_typo_transform_mobile":"","ocean_menu_typo_line_height":0,"ocean_menu_typo_line_height_tablet":0,"ocean_menu_typo_line_height_mobile":0,"ocean_menu_typo_line_height_unit":"","ocean_menu_typo_spacing":0,"ocean_menu_typo_spacing_tablet":0,"ocean_menu_typo_spacing_mobile":0,"ocean_menu_typo_spacing_unit":"","ocean_menu_link_color":"","ocean_menu_link_color_hover":"","ocean_menu_link_color_active":"","ocean_menu_link_background":"","ocean_menu_link_hover_background":"","ocean_menu_link_active_background":"","ocean_menu_social_links_bg":"","ocean_menu_social_hover_links_bg":"","ocean_menu_social_links_color":"","ocean_menu_social_hover_links_color":"","ocean_disable_title":"default","ocean_disable_heading":"default","ocean_post_title":"","ocean_post_subheading":"","ocean_post_title_style":"","ocean_post_title_background_color":"","ocean_post_title_background":0,"ocean_post_title_bg_image_position":"","ocean_post_title_bg_image_attachment":"","ocean_post_title_bg_image_repeat":"","ocean_post_title_bg_image_size":"","ocean_post_title_height":0,"ocean_post_title_bg_overlay":0.5,"ocean_post_title_bg_overlay_color":"","ocean_disable_breadcrumbs":"default","ocean_breadcrumbs_color":"","ocean_breadcrumbs_separator_color":"","ocean_breadcrumbs_links_color":"","ocean_breadcrumbs_links_hover_color":"","ocean_display_footer_widgets":"default","ocean_display_footer_bottom":"default","ocean_custom_footer_template":"0","footnotes":""},"class_list":["post-4095","page","type-page","status-publish","hentry","entry"],"_links":{"self":[{"href":"https:\/\/site.cpqba.unicamp.br\/en\/wp-json\/wp\/v2\/pages\/4095","targetHints":{"allow":["GET"]}}],"collection":[{"href":"https:\/\/site.cpqba.unicamp.br\/en\/wp-json\/wp\/v2\/pages"}],"about":[{"href":"https:\/\/site.cpqba.unicamp.br\/en\/wp-json\/wp\/v2\/types\/page"}],"author":[{"embeddable":true,"href":"https:\/\/site.cpqba.unicamp.br\/en\/wp-json\/wp\/v2\/users\/7"}],"replies":[{"embeddable":true,"href":"https:\/\/site.cpqba.unicamp.br\/en\/wp-json\/wp\/v2\/comments?post=4095"}],"version-history":[{"count":6,"href":"https:\/\/site.cpqba.unicamp.br\/en\/wp-json\/wp\/v2\/pages\/4095\/revisions"}],"predecessor-version":[{"id":9385,"href":"https:\/\/site.cpqba.unicamp.br\/en\/wp-json\/wp\/v2\/pages\/4095\/revisions\/9385"}],"wp:attachment":[{"href":"https:\/\/site.cpqba.unicamp.br\/en\/wp-json\/wp\/v2\/media?parent=4095"}],"curies":[{"name":"wp","href":"https:\/\/api.w.org\/{rel}","templated":true}]}}