{"id":5550,"date":"2021-05-23T14:05:42","date_gmt":"2021-05-23T17:05:42","guid":{"rendered":"https:\/\/site.cpqba.unicamp.br\/?page_id=5550"},"modified":"2021-06-07T21:50:43","modified_gmt":"2021-06-08T00:50:43","slug":"jambuartigo","status":"publish","type":"page","link":"https:\/\/site.cpqba.unicamp.br\/en\/jambuartigo\/","title":{"rendered":"jambuArtigo"},"content":{"rendered":"<div data-elementor-type=\"wp-post\" data-elementor-id=\"5550\" class=\"elementor elementor-5550\" data-elementor-settings=\"{&quot;ha_cmc_init_switcher&quot;:&quot;no&quot;}\">\n\t\t\t\t\t\t<section class=\"elementor-section elementor-top-section elementor-element elementor-element-898b1d2 elementor-section-boxed elementor-section-height-default elementor-section-height-default\" data-id=\"898b1d2\" data-element_type=\"section\" data-e-type=\"section\" data-settings=\"{&quot;_ha_eqh_enable&quot;:false}\">\n\t\t\t\t\t\t<div class=\"elementor-container elementor-column-gap-default\">\n\t\t\t\t\t<div class=\"elementor-column elementor-col-100 elementor-top-column elementor-element elementor-element-102b88f\" data-id=\"102b88f\" data-element_type=\"column\" data-e-type=\"column\">\n\t\t\t<div class=\"elementor-widget-wrap elementor-element-populated\">\n\t\t\t\t\t\t<div class=\"elementor-element elementor-element-682c9b1 elementor-widget elementor-widget-image\" data-id=\"682c9b1\" data-element_type=\"widget\" data-e-type=\"widget\" data-widget_type=\"image.default\">\n\t\t\t\t<div class=\"elementor-widget-container\">\n\t\t\t\t\t\t\t\t\t\t\t\t<figure class=\"wp-caption\">\n\t\t\t\t\t\t\t\t\t\t<img fetchpriority=\"high\" decoding=\"async\" width=\"1024\" height=\"498\" src=\"https:\/\/site.cpqba.unicamp.br\/wp-content\/uploads\/2019\/02\/Jambu-1024x498.jpg\" class=\"attachment-large size-large wp-image-1031\" alt=\"\" srcset=\"https:\/\/site.cpqba.unicamp.br\/wp-content\/uploads\/2019\/02\/Jambu.jpg 1024w, https:\/\/site.cpqba.unicamp.br\/wp-content\/uploads\/2019\/02\/Jambu-300x146.jpg 300w, https:\/\/site.cpqba.unicamp.br\/wp-content\/uploads\/2019\/02\/Jambu-768x374.jpg 768w\" sizes=\"(max-width: 1024px) 100vw, 1024px\" \/>\t\t\t\t\t\t\t\t\t\t\t<figcaption class=\"widget-image-caption wp-caption-text\">Jambu<\/figcaption>\n\t\t\t\t\t\t\t\t\t\t<\/figure>\n\t\t\t\t\t\t\t\t\t<\/div>\n\t\t\t\t<\/div>\n\t\t\t\t<div class=\"elementor-element elementor-element-5c6a80f elementor-widget elementor-widget-text-editor\" data-id=\"5c6a80f\" data-element_type=\"widget\" data-e-type=\"widget\" data-widget_type=\"text-editor.default\">\n\t\t\t\t<div class=\"elementor-widget-container\">\n\t\t\t\t\t\t\t\t\t<p><strong><span style=\"font-size: 12pt;\">Por Gustavo Steffen de Almeida<\/span><\/strong><\/p><p><span style=\"font-size: 12pt;\">Quem nunca ouviu falar em pato no tucupi ou em tacac\u00e1? Estas receitas, que fazem parte da culin\u00e1ria de estados como o Par\u00e1 \u2013 e s\u00e3o sucesso entre os turistas \u2013, t\u00eam como um de seus ingredientes mais importantes o jambu (Acmella oleracea). Planta pertencente \u00e0 fam\u00edlia\u00a0Asteracea, o jambu, tamb\u00e9m conhecido como agri\u00e3o-do-norte, \u00e9 origin\u00e1rio da regi\u00e3o amaz\u00f4nica, mas \u00e9 encontrado at\u00e9 em pa\u00edses asi\u00e1ticos.<\/span><\/p><p><span style=\"font-size: 12pt;\">Mas n\u00e3o \u00e9 s\u00f3 na culin\u00e1ria que o jambu se destaca. Na cultura dos povos ind\u00edgenas da Amaz\u00f4nia \u2013 que segue mantida por seus descendentes habitantes das cidades e ribeirinhos \u2013 \u00e9 comum o uso do jambu na medicina popular, principalmente contra dores de dente ou ferimentos.<\/span><\/p>\t\t\t\t\t\t\t\t<\/div>\n\t\t\t\t<\/div>\n\t\t\t\t<div class=\"elementor-element elementor-element-2578a04 elementor-widget elementor-widget-image\" data-id=\"2578a04\" data-element_type=\"widget\" data-e-type=\"widget\" data-widget_type=\"image.default\">\n\t\t\t\t<div class=\"elementor-widget-container\">\n\t\t\t\t\t\t\t\t\t\t\t\t<figure class=\"wp-caption\">\n\t\t\t\t\t\t\t\t\t\t<img decoding=\"async\" width=\"1024\" height=\"575\" src=\"https:\/\/site.cpqba.unicamp.br\/wp-content\/uploads\/2019\/02\/20161125_095027-1024x575-1024x575.jpg\" class=\"attachment-large size-large wp-image-1028\" alt=\"\" srcset=\"https:\/\/site.cpqba.unicamp.br\/wp-content\/uploads\/2019\/02\/20161125_095027-1024x575.jpg 1024w, https:\/\/site.cpqba.unicamp.br\/wp-content\/uploads\/2019\/02\/20161125_095027-1024x575-300x168.jpg 300w, https:\/\/site.cpqba.unicamp.br\/wp-content\/uploads\/2019\/02\/20161125_095027-1024x575-768x431.jpg 768w\" sizes=\"(max-width: 1024px) 100vw, 1024px\" \/>\t\t\t\t\t\t\t\t\t\t\t<figcaption class=\"widget-image-caption wp-caption-text\">Planta do jambu seca, que tem mostrado aplicabilidade em produtos m\u00e9dicos, al\u00e9m do uso na culin\u00e1ria.<\/figcaption>\n\t\t\t\t\t\t\t\t\t\t<\/figure>\n\t\t\t\t\t\t\t\t\t<\/div>\n\t\t\t\t<\/div>\n\t\t\t\t<div class=\"elementor-element elementor-element-5b32a5e elementor-widget elementor-widget-text-editor\" data-id=\"5b32a5e\" data-element_type=\"widget\" data-e-type=\"widget\" data-widget_type=\"text-editor.default\">\n\t\t\t\t<div class=\"elementor-widget-container\">\n\t\t\t\t\t\t\t\t\t<p><span style=\"font-size: 12pt;\">Tornando-se conhecida por essa fama de \u201crem\u00e9dio\u201d dentre as popula\u00e7\u00f5es ribeirinhas, a planta passou a despertar o interesse de pesquisadores de diferentes universidades brasileiras. O interesse na bioprospecc\u00e7\u00e3o \u2013 processo de obten\u00e7\u00e3o de novos compostos qu\u00edmicos a partir da biodiversidade \u2013 tem levado a\u00a0A. oleracea\u00a0ao foco de consistentes pesquisas cient\u00edficas, que j\u00e1 renderam, inclusive, dep\u00f3sitos de ao menos quatro patentes para a Universidade Estadual de Campinas (Unicamp).<\/span><\/p><p><span style=\"font-size: 12pt;\">Rodney Alexandre Ferreira Rodrigues, pesquisador do Centro Pluridisciplinar de Pesquisas Qu\u00edmicas, Biol\u00f3gicas e Agr\u00edcolas \u2013 CPQBA, da Unicamp, vem realizando uma ampla gama de projetos envolvendo o jambu e, mais especificamente, seu principal composto ativo, chamado espilantol.<\/span><\/p><p><span style=\"font-size: 12pt;\">\u201cAo comerem pratos contendo o jambu, as pessoas relatam sentir certa sensa\u00e7\u00e3o de dorm\u00eancia na boca\u201d, conta Rodrigues. Aliando-se isso ao uso na experimenta\u00e7\u00e3o popular, explica, surgiu o interesse em entender o porqu\u00ea dessa dorm\u00eancia, que poderia estar relacionada ao suposto efeito analg\u00e9sico. Pesquisas preliminares demonstraram que a subst\u00e2ncia espilantol, da classe qu\u00edmica das alquilamidas, seria a principal respons\u00e1vel pelo efeito.<\/span><\/p><p><span style=\"font-size: 12pt;\">Dada \u00e0\u00a0expertise\u00a0que o CPQBA possui em plantas medicinais, e ao cultivo no pr\u00f3prio centro experimental, foi poss\u00edvel compreender melhor as caracter\u00edsticas agron\u00f4micas da planta e avaliar como as formas de cultivo interferem na concentra\u00e7\u00e3o de compostos. Utiliza-se, para a obten\u00e7\u00e3o do extrato, a chamada parte a\u00e9rea da planta \u2013 caule, folhas e flores. \u201cEst\u00e1 se avaliando se vale a pena usar partes distintas. Nas flores o constituinte qu\u00edmico \u00e9 mais concentrado\u201d, revela Rodrigues.<\/span><\/p>\t\t\t\t\t\t\t\t<\/div>\n\t\t\t\t<\/div>\n\t\t\t\t<div class=\"elementor-element elementor-element-70c9762 elementor-widget elementor-widget-image\" data-id=\"70c9762\" data-element_type=\"widget\" data-e-type=\"widget\" data-widget_type=\"image.default\">\n\t\t\t\t<div class=\"elementor-widget-container\">\n\t\t\t\t\t\t\t\t\t\t\t\t<figure class=\"wp-caption\">\n\t\t\t\t\t\t\t\t\t\t<img decoding=\"async\" width=\"1024\" height=\"575\" src=\"https:\/\/site.cpqba.unicamp.br\/wp-content\/uploads\/2019\/02\/PLANTA-PILOTO-1024x575.jpg\" class=\"attachment-large size-large wp-image-1029\" alt=\"\" srcset=\"https:\/\/site.cpqba.unicamp.br\/wp-content\/uploads\/2019\/02\/PLANTA-PILOTO.jpg 1024w, https:\/\/site.cpqba.unicamp.br\/wp-content\/uploads\/2019\/02\/PLANTA-PILOTO-300x168.jpg 300w, https:\/\/site.cpqba.unicamp.br\/wp-content\/uploads\/2019\/02\/PLANTA-PILOTO-768x431.jpg 768w\" sizes=\"(max-width: 1024px) 100vw, 1024px\" \/>\t\t\t\t\t\t\t\t\t\t\t<figcaption class=\"widget-image-caption wp-caption-text\">O pesquisador Rodney Rodrigues mostra os equipamentos usados para obter o extrato de jambu.<\/figcaption>\n\t\t\t\t\t\t\t\t\t\t<\/figure>\n\t\t\t\t\t\t\t\t\t<\/div>\n\t\t\t\t<\/div>\n\t\t\t\t<div class=\"elementor-element elementor-element-7ce2ae0 elementor-widget elementor-widget-text-editor\" data-id=\"7ce2ae0\" data-element_type=\"widget\" data-e-type=\"widget\" data-widget_type=\"text-editor.default\">\n\t\t\t\t<div class=\"elementor-widget-container\">\n\t\t\t\t\t\t\t\t\t<p><span style=\"font-size: 12pt;\">Tornando-se conhecida por essa fama de \u201crem\u00e9dio\u201d dentre as popula\u00e7\u00f5es ribeirinhas, a planta passou a despertar o interesse de pesquisadores de diferentes universidades brasileiras. O interesse na bioprospecc\u00e7\u00e3o \u2013 processo de obten\u00e7\u00e3o de novos compostos qu\u00edmicos a partir da biodiversidade \u2013 tem levado a\u00a0<em>A. oleracea<\/em>\u00a0ao foco de consistentes pesquisas cient\u00edficas, que j\u00e1 renderam, inclusive, dep\u00f3sitos de ao menos quatro patentes para a Universidade Estadual de Campinas (Unicamp).<\/span><\/p><p><span style=\"font-size: 12pt;\">Rodney Alexandre Ferreira Rodrigues, pesquisador do Centro Pluridisciplinar de Pesquisas Qu\u00edmicas, Biol\u00f3gicas e Agr\u00edcolas \u2013 CPQBA, da Unicamp, vem realizando uma ampla gama de projetos envolvendo o jambu e, mais especificamente, seu principal composto ativo, chamado espilantol.<\/span><\/p><p><span style=\"font-size: 12pt;\">\u201cAo comerem pratos contendo o jambu, as pessoas relatam sentir certa sensa\u00e7\u00e3o de dorm\u00eancia na boca\u201d, conta Rodrigues. Aliando-se isso ao uso na experimenta\u00e7\u00e3o popular, explica, surgiu o interesse em entender o porqu\u00ea dessa dorm\u00eancia, que poderia estar relacionada ao suposto efeito analg\u00e9sico. Pesquisas preliminares demonstraram que a subst\u00e2ncia espilantol, da classe qu\u00edmica das alquilamidas, seria a principal respons\u00e1vel pelo efeito.<\/span><\/p><p><span style=\"font-size: 12pt;\">Dada \u00e0\u00a0<em>expertise<\/em>\u00a0que o CPQBA possui em plantas medicinais, e ao cultivo no pr\u00f3prio centro experimental, foi poss\u00edvel compreender melhor as caracter\u00edsticas agron\u00f4micas da planta e avaliar como as formas de cultivo interferem na concentra\u00e7\u00e3o de compostos. Utiliza-se, para a obten\u00e7\u00e3o do extrato, a chamada parte a\u00e9rea da planta \u2013 caule, folhas e flores. \u201cEst\u00e1 se avaliando se vale a pena usar partes distintas. Nas flores o constituinte qu\u00edmico \u00e9 mais concentrado\u201d, revela Rodrigues.<\/span><\/p>\t\t\t\t\t\t\t\t<\/div>\n\t\t\t\t<\/div>\n\t\t\t\t\t<\/div>\n\t\t<\/div>\n\t\t\t\t\t<\/div>\n\t\t<\/section>\n\t\t\t\t<section class=\"elementor-section elementor-top-section elementor-element elementor-element-b1c45a5 elementor-section-boxed elementor-section-height-default elementor-section-height-default\" data-id=\"b1c45a5\" data-element_type=\"section\" data-e-type=\"section\" data-settings=\"{&quot;_ha_eqh_enable&quot;:false}\">\n\t\t\t\t\t\t<div class=\"elementor-container elementor-column-gap-default\">\n\t\t\t\t\t<div class=\"elementor-column elementor-col-100 elementor-top-column elementor-element elementor-element-fdbaa39\" data-id=\"fdbaa39\" data-element_type=\"column\" data-e-type=\"column\">\n\t\t\t<div class=\"elementor-widget-wrap elementor-element-populated\">\n\t\t\t\t\t\t<div class=\"elementor-element elementor-element-d5bc0b3 elementor-widget elementor-widget-spacer\" data-id=\"d5bc0b3\" data-element_type=\"widget\" data-e-type=\"widget\" data-widget_type=\"spacer.default\">\n\t\t\t\t<div class=\"elementor-widget-container\">\n\t\t\t\t\t\t\t<div class=\"elementor-spacer\">\n\t\t\t<div class=\"elementor-spacer-inner\"><\/div>\n\t\t<\/div>\n\t\t\t\t\t\t<\/div>\n\t\t\t\t<\/div>\n\t\t\t\t\t<\/div>\n\t\t<\/div>\n\t\t\t\t\t<\/div>\n\t\t<\/section>\n\t\t\t\t<\/div>","protected":false},"excerpt":{"rendered":"<p>Jambu Por Gustavo Steffen de Almeida Quem nunca ouviu falar em pato no tucupi ou em tacac\u00e1? Estas receitas, que fazem parte da culin\u00e1ria de estados como o Par\u00e1 \u2013 e s\u00e3o sucesso entre os turistas \u2013, t\u00eam como um de seus ingredientes mais importantes o jambu (Acmella oleracea). Planta pertencente \u00e0 fam\u00edlia\u00a0Asteracea, o jambu, [&hellip;]<\/p>\n","protected":false},"author":7,"featured_media":0,"parent":0,"menu_order":0,"comment_status":"closed","ping_status":"closed","template":"","meta":{"ocean_post_layout":"","ocean_both_sidebars_style":"","ocean_both_sidebars_content_width":0,"ocean_both_sidebars_sidebars_width":0,"ocean_sidebar":"0","ocean_second_sidebar":"0","ocean_disable_margins":"enable","ocean_add_body_class":"","ocean_shortcode_before_top_bar":"","ocean_shortcode_after_top_bar":"","ocean_shortcode_before_header":"","ocean_shortcode_after_header":"","ocean_has_shortcode":"","ocean_shortcode_after_title":"","ocean_shortcode_before_footer_widgets":"","ocean_shortcode_after_footer_widgets":"","ocean_shortcode_before_footer_bottom":"","ocean_shortcode_after_footer_bottom":"","ocean_display_top_bar":"default","ocean_display_header":"default","ocean_header_style":"","ocean_center_header_left_menu":"0","ocean_custom_header_template":"0","ocean_custom_logo":0,"ocean_custom_retina_logo":0,"ocean_custom_logo_max_width":0,"ocean_custom_logo_tablet_max_width":0,"ocean_custom_logo_mobile_max_width":0,"ocean_custom_logo_max_height":0,"ocean_custom_logo_tablet_max_height":0,"ocean_custom_logo_mobile_max_height":0,"ocean_header_custom_menu":"0","ocean_menu_typo_font_family":"0","ocean_menu_typo_font_subset":"","ocean_menu_typo_font_size":0,"ocean_menu_typo_font_size_tablet":0,"ocean_menu_typo_font_size_mobile":0,"ocean_menu_typo_font_size_unit":"px","ocean_menu_typo_font_weight":"","ocean_menu_typo_font_weight_tablet":"","ocean_menu_typo_font_weight_mobile":"","ocean_menu_typo_transform":"","ocean_menu_typo_transform_tablet":"","ocean_menu_typo_transform_mobile":"","ocean_menu_typo_line_height":0,"ocean_menu_typo_line_height_tablet":0,"ocean_menu_typo_line_height_mobile":0,"ocean_menu_typo_line_height_unit":"","ocean_menu_typo_spacing":0,"ocean_menu_typo_spacing_tablet":0,"ocean_menu_typo_spacing_mobile":0,"ocean_menu_typo_spacing_unit":"","ocean_menu_link_color":"","ocean_menu_link_color_hover":"","ocean_menu_link_color_active":"","ocean_menu_link_background":"","ocean_menu_link_hover_background":"","ocean_menu_link_active_background":"","ocean_menu_social_links_bg":"","ocean_menu_social_hover_links_bg":"","ocean_menu_social_links_color":"","ocean_menu_social_hover_links_color":"","ocean_disable_title":"default","ocean_disable_heading":"default","ocean_post_title":"","ocean_post_subheading":"","ocean_post_title_style":"","ocean_post_title_background_color":"","ocean_post_title_background":0,"ocean_post_title_bg_image_position":"","ocean_post_title_bg_image_attachment":"","ocean_post_title_bg_image_repeat":"","ocean_post_title_bg_image_size":"","ocean_post_title_height":0,"ocean_post_title_bg_overlay":0.5,"ocean_post_title_bg_overlay_color":"","ocean_disable_breadcrumbs":"default","ocean_breadcrumbs_color":"","ocean_breadcrumbs_separator_color":"","ocean_breadcrumbs_links_color":"","ocean_breadcrumbs_links_hover_color":"","ocean_display_footer_widgets":"default","ocean_display_footer_bottom":"default","ocean_custom_footer_template":"0","footnotes":""},"class_list":["post-5550","page","type-page","status-publish","hentry","entry"],"_links":{"self":[{"href":"https:\/\/site.cpqba.unicamp.br\/en\/wp-json\/wp\/v2\/pages\/5550","targetHints":{"allow":["GET"]}}],"collection":[{"href":"https:\/\/site.cpqba.unicamp.br\/en\/wp-json\/wp\/v2\/pages"}],"about":[{"href":"https:\/\/site.cpqba.unicamp.br\/en\/wp-json\/wp\/v2\/types\/page"}],"author":[{"embeddable":true,"href":"https:\/\/site.cpqba.unicamp.br\/en\/wp-json\/wp\/v2\/users\/7"}],"replies":[{"embeddable":true,"href":"https:\/\/site.cpqba.unicamp.br\/en\/wp-json\/wp\/v2\/comments?post=5550"}],"version-history":[{"count":0,"href":"https:\/\/site.cpqba.unicamp.br\/en\/wp-json\/wp\/v2\/pages\/5550\/revisions"}],"wp:attachment":[{"href":"https:\/\/site.cpqba.unicamp.br\/en\/wp-json\/wp\/v2\/media?parent=5550"}],"curies":[{"name":"wp","href":"https:\/\/api.w.org\/{rel}","templated":true}]}}