{"id":7192,"date":"2021-06-17T19:42:21","date_gmt":"2021-06-17T22:42:21","guid":{"rendered":"https:\/\/site.cpqba.unicamp.br\/?page_id=7192"},"modified":"2021-07-09T12:28:55","modified_gmt":"2021-07-09T15:28:55","slug":"sobrecpqba","status":"publish","type":"page","link":"https:\/\/site.cpqba.unicamp.br\/en\/sobrecpqba\/","title":{"rendered":"sobreCPQBA"},"content":{"rendered":"<div data-elementor-type=\"wp-post\" data-elementor-id=\"7192\" class=\"elementor elementor-7192\" data-elementor-settings=\"{&quot;ha_cmc_init_switcher&quot;:&quot;no&quot;}\">\n\t\t\t\t\t\t<section class=\"elementor-section elementor-top-section elementor-element elementor-element-f9e0a96 elementor-section-boxed elementor-section-height-default elementor-section-height-default\" data-id=\"f9e0a96\" data-element_type=\"section\" data-e-type=\"section\" data-settings=\"{&quot;_ha_eqh_enable&quot;:false}\">\n\t\t\t\t\t\t<div class=\"elementor-container elementor-column-gap-default\">\n\t\t\t\t\t<div class=\"elementor-column elementor-col-100 elementor-top-column elementor-element elementor-element-87fccc2\" data-id=\"87fccc2\" data-element_type=\"column\" data-e-type=\"column\">\n\t\t\t<div class=\"elementor-widget-wrap elementor-element-populated\">\n\t\t\t\t\t\t<div class=\"elementor-element elementor-element-942d79d elementor-widget elementor-widget-spacer\" data-id=\"942d79d\" data-element_type=\"widget\" data-e-type=\"widget\" data-widget_type=\"spacer.default\">\n\t\t\t\t<div class=\"elementor-widget-container\">\n\t\t\t\t\t\t\t<div class=\"elementor-spacer\">\n\t\t\t<div class=\"elementor-spacer-inner\"><\/div>\n\t\t<\/div>\n\t\t\t\t\t\t<\/div>\n\t\t\t\t<\/div>\n\t\t\t\t\t<\/div>\n\t\t<\/div>\n\t\t\t\t\t<\/div>\n\t\t<\/section>\n\t\t\t\t<section class=\"elementor-section elementor-top-section elementor-element elementor-element-7ec32db elementor-section-stretched elementor-section-content-middle elementor-section-boxed elementor-section-height-default elementor-section-height-default\" data-id=\"7ec32db\" data-element_type=\"section\" data-e-type=\"section\" data-settings=\"{&quot;stretch_section&quot;:&quot;section-stretched&quot;,&quot;_ha_eqh_enable&quot;:false}\">\n\t\t\t\t\t\t<div class=\"elementor-container elementor-column-gap-extended\">\n\t\t\t\t\t<div class=\"elementor-column elementor-col-100 elementor-top-column elementor-element elementor-element-e16d192\" data-id=\"e16d192\" data-element_type=\"column\" data-e-type=\"column\" data-settings=\"{&quot;background_background&quot;:&quot;classic&quot;}\">\n\t\t\t<div class=\"elementor-widget-wrap elementor-element-populated\">\n\t\t\t\t\t\t<div class=\"elementor-element elementor-element-bb9942a elementor-widget elementor-widget-heading\" data-id=\"bb9942a\" data-element_type=\"widget\" data-e-type=\"widget\" data-widget_type=\"heading.default\">\n\t\t\t\t<div class=\"elementor-widget-container\">\n\t\t\t\t\t<h2 class=\"elementor-heading-title elementor-size-default\">SOBRE O CPQBA<\/h2>\t\t\t\t<\/div>\n\t\t\t\t<\/div>\n\t\t\t\t\t<\/div>\n\t\t<\/div>\n\t\t\t\t\t<\/div>\n\t\t<\/section>\n\t\t\t\t<section class=\"elementor-section elementor-top-section elementor-element elementor-element-7bf16ff elementor-section-boxed elementor-section-height-default elementor-section-height-default\" data-id=\"7bf16ff\" data-element_type=\"section\" data-e-type=\"section\" data-settings=\"{&quot;_ha_eqh_enable&quot;:false}\">\n\t\t\t\t\t\t<div class=\"elementor-container elementor-column-gap-default\">\n\t\t\t\t\t<div class=\"elementor-column elementor-col-100 elementor-top-column elementor-element elementor-element-40e5a05\" data-id=\"40e5a05\" data-element_type=\"column\" data-e-type=\"column\">\n\t\t\t<div class=\"elementor-widget-wrap elementor-element-populated\">\n\t\t\t\t\t\t<div class=\"elementor-element elementor-element-aad1672 elementor-widget elementor-widget-spacer\" data-id=\"aad1672\" data-element_type=\"widget\" data-e-type=\"widget\" data-widget_type=\"spacer.default\">\n\t\t\t\t<div class=\"elementor-widget-container\">\n\t\t\t\t\t\t\t<div class=\"elementor-spacer\">\n\t\t\t<div class=\"elementor-spacer-inner\"><\/div>\n\t\t<\/div>\n\t\t\t\t\t\t<\/div>\n\t\t\t\t<\/div>\n\t\t\t\t\t<\/div>\n\t\t<\/div>\n\t\t\t\t\t<\/div>\n\t\t<\/section>\n\t\t\t\t<section class=\"elementor-section elementor-top-section elementor-element elementor-element-613af0e elementor-section-boxed elementor-section-height-default elementor-section-height-default\" data-id=\"613af0e\" data-element_type=\"section\" data-e-type=\"section\" data-settings=\"{&quot;_ha_eqh_enable&quot;:false}\">\n\t\t\t\t\t\t<div class=\"elementor-container elementor-column-gap-default\">\n\t\t\t\t\t<div class=\"elementor-column elementor-col-100 elementor-top-column elementor-element elementor-element-9e3517d\" data-id=\"9e3517d\" data-element_type=\"column\" data-e-type=\"column\">\n\t\t\t<div class=\"elementor-widget-wrap elementor-element-populated\">\n\t\t\t\t\t\t<div class=\"elementor-element elementor-element-b7916b4 elementor-widget elementor-widget-text-editor\" data-id=\"b7916b4\" data-element_type=\"widget\" data-e-type=\"widget\" data-widget_type=\"text-editor.default\">\n\t\t\t\t<div class=\"elementor-widget-container\">\n\t\t\t\t\t\t\t\t\t<div><span style=\"font-size: 12pt;\">O Centro Pluridisciplinar de Pesquisas Qu\u00edmicas, Biol\u00f3gicas e Agr\u00edcolas &#8211; CPQBA\/UNICAMP se destaca por sua intensa atua\u00e7\u00e3o no desenvolvimento cient\u00edfico e tecnol\u00f3gico nas \u00e1reas de Qu\u00edmica, Biologia e Agrotecnologia. O Centro tem um papel de grande import\u00e2ncia no cen\u00e1rio cient\u00edfico nacional, sendo considerado uma refer\u00eancia em produtos naturais (plantas e microrganismos), biotecnologia e meio ambiente. Ao longo do tempo, pelo seu car\u00e1ter pluridisciplinar, o CPQBA tem se consolidado como um Centro din\u00e2mico em suas \u00e1reas de pesquisa,realizadas em sua maioria com o apoio de \u00f3rg\u00e3os de fomento p\u00fablicos como FAPESP, CNPq e FINEP, al\u00e9m de conv\u00eanios de pesquisa e desenvolvimento com o setor p\u00fablico e privado.<\/span><\/div><div><span style=\"font-size: 12pt;\">Com um corpo profissional qualificado, aliado \u00e0 infraestrutura de seus laborat\u00f3rios, o CPQBA amplia suas atividades oferecendo servi\u00e7os anal\u00edticos e de consultoria de excel\u00eancia, desenvolvendo essas atividades em concord\u00e2ncia com os requisitos normativos como a ABNT NBR ISO\/IEC 17025. Os trabalhos conduzidos pelo CPQBA englobam desde an\u00e1lises pontuais at\u00e9 o desenvolvimento de processos e produtos.S\u00e3o in\u00fameras as patentes depositadas e licenciadas pelo corpo de pesquisadores do CPQBA. O Centro oferece ainda a possibilidade de treinamento de pessoal atrav\u00e9s de est\u00e1gios em seus laborat\u00f3rios e de Workshops, que poder\u00e3o ser programados para atender situa\u00e7\u00f5es espec\u00edficas, al\u00e9m de orienta\u00e7\u00f5es de alunos de p\u00f3s-gradua\u00e7\u00e3o.\u00a0<\/span><\/div><div><span style=\"font-size: 12pt;\">O CPQBA conta com um banco de germoplasma e abriga duas cole\u00e7\u00f5es biol\u00f3gicas de relev\u00e2ncia nacional, a Cole\u00e7\u00e3o Brasileira de Microrganismos de Ambiente e Ind\u00fastria(CBMAI), que recebeu sua Acredita\u00e7\u00e3o pelo INMETRO em Janeiro de 2020, e a Cole\u00e7\u00e3o de Plantas Medicinais e Arom\u00e1ticas (CPMA). Estas cole\u00e7\u00f5es servem de apoio para as pesquisas desenvolvidas na UNICAMP e outras Universidades, bem como por empresas nacionais de diversos setores.\u00a0<\/span><\/div>\t\t\t\t\t\t\t\t<\/div>\n\t\t\t\t<\/div>\n\t\t\t\t\t<\/div>\n\t\t<\/div>\n\t\t\t\t\t<\/div>\n\t\t<\/section>\n\t\t\t\t<section class=\"elementor-section elementor-top-section elementor-element elementor-element-1642cdb elementor-section-boxed elementor-section-height-default elementor-section-height-default\" data-id=\"1642cdb\" data-element_type=\"section\" data-e-type=\"section\" data-settings=\"{&quot;_ha_eqh_enable&quot;:false}\">\n\t\t\t\t\t\t<div class=\"elementor-container elementor-column-gap-default\">\n\t\t\t\t\t<div class=\"elementor-column elementor-col-100 elementor-top-column elementor-element elementor-element-d5efd93\" data-id=\"d5efd93\" data-element_type=\"column\" data-e-type=\"column\">\n\t\t\t<div class=\"elementor-widget-wrap elementor-element-populated\">\n\t\t\t\t\t\t<div class=\"elementor-element elementor-element-8b57449 elementor-widget elementor-widget-image\" data-id=\"8b57449\" data-element_type=\"widget\" data-e-type=\"widget\" data-widget_type=\"image.default\">\n\t\t\t\t<div class=\"elementor-widget-container\">\n\t\t\t\t\t\t\t\t\t\t\t\t\t\t\t<img fetchpriority=\"high\" decoding=\"async\" width=\"1024\" height=\"415\" src=\"https:\/\/site.cpqba.unicamp.br\/wp-content\/uploads\/2021\/06\/Equipe_CPQBA.jpg\" class=\"attachment-large size-large wp-image-7242\" alt=\"\" srcset=\"https:\/\/site.cpqba.unicamp.br\/wp-content\/uploads\/2021\/06\/Equipe_CPQBA.jpg 1024w, https:\/\/site.cpqba.unicamp.br\/wp-content\/uploads\/2021\/06\/Equipe_CPQBA-300x122.jpg 300w, https:\/\/site.cpqba.unicamp.br\/wp-content\/uploads\/2021\/06\/Equipe_CPQBA-768x311.jpg 768w\" sizes=\"(max-width: 1024px) 100vw, 1024px\" \/>\t\t\t\t\t\t\t\t\t\t\t\t\t\t\t<\/div>\n\t\t\t\t<\/div>\n\t\t\t\t\t<\/div>\n\t\t<\/div>\n\t\t\t\t\t<\/div>\n\t\t<\/section>\n\t\t\t\t<section class=\"elementor-section elementor-top-section elementor-element elementor-element-d612910 elementor-hidden-tablet elementor-hidden-phone elementor-section-boxed elementor-section-height-default elementor-section-height-default\" data-id=\"d612910\" data-element_type=\"section\" data-e-type=\"section\" data-settings=\"{&quot;_ha_eqh_enable&quot;:false}\">\n\t\t\t\t\t\t<div class=\"elementor-container elementor-column-gap-default\">\n\t\t\t\t\t<div class=\"elementor-column elementor-col-100 elementor-top-column elementor-element elementor-element-1e8178f\" data-id=\"1e8178f\" data-element_type=\"column\" data-e-type=\"column\">\n\t\t\t<div class=\"elementor-widget-wrap elementor-element-populated\">\n\t\t\t\t\t\t<div class=\"elementor-element elementor-element-1399c9b elementor-widget elementor-widget-spacer\" data-id=\"1399c9b\" data-element_type=\"widget\" data-e-type=\"widget\" data-widget_type=\"spacer.default\">\n\t\t\t\t<div class=\"elementor-widget-container\">\n\t\t\t\t\t\t\t<div class=\"elementor-spacer\">\n\t\t\t<div class=\"elementor-spacer-inner\"><\/div>\n\t\t<\/div>\n\t\t\t\t\t\t<\/div>\n\t\t\t\t<\/div>\n\t\t\t\t\t<\/div>\n\t\t<\/div>\n\t\t\t\t\t<\/div>\n\t\t<\/section>\n\t\t\t\t<\/div>","protected":false},"excerpt":{"rendered":"<p>SOBRE O CPQBA O Centro Pluridisciplinar de Pesquisas Qu\u00edmicas, Biol\u00f3gicas e Agr\u00edcolas &#8211; CPQBA\/UNICAMP se destaca por sua intensa atua\u00e7\u00e3o no desenvolvimento cient\u00edfico e tecnol\u00f3gico nas \u00e1reas de Qu\u00edmica, Biologia e Agrotecnologia. O Centro tem um papel de grande import\u00e2ncia no cen\u00e1rio cient\u00edfico nacional, sendo considerado uma refer\u00eancia em produtos naturais (plantas e microrganismos), biotecnologia [&hellip;]<\/p>\n","protected":false},"author":7,"featured_media":0,"parent":0,"menu_order":0,"comment_status":"closed","ping_status":"closed","template":"","meta":{"ocean_post_layout":"","ocean_both_sidebars_style":"","ocean_both_sidebars_content_width":0,"ocean_both_sidebars_sidebars_width":0,"ocean_sidebar":"0","ocean_second_sidebar":"0","ocean_disable_margins":"enable","ocean_add_body_class":"","ocean_shortcode_before_top_bar":"","ocean_shortcode_after_top_bar":"","ocean_shortcode_before_header":"","ocean_shortcode_after_header":"","ocean_has_shortcode":"","ocean_shortcode_after_title":"","ocean_shortcode_before_footer_widgets":"","ocean_shortcode_after_footer_widgets":"","ocean_shortcode_before_footer_bottom":"","ocean_shortcode_after_footer_bottom":"","ocean_display_top_bar":"default","ocean_display_header":"default","ocean_header_style":"","ocean_center_header_left_menu":"0","ocean_custom_header_template":"0","ocean_custom_logo":0,"ocean_custom_retina_logo":0,"ocean_custom_logo_max_width":0,"ocean_custom_logo_tablet_max_width":0,"ocean_custom_logo_mobile_max_width":0,"ocean_custom_logo_max_height":0,"ocean_custom_logo_tablet_max_height":0,"ocean_custom_logo_mobile_max_height":0,"ocean_header_custom_menu":"0","ocean_menu_typo_font_family":"0","ocean_menu_typo_font_subset":"","ocean_menu_typo_font_size":0,"ocean_menu_typo_font_size_tablet":0,"ocean_menu_typo_font_size_mobile":0,"ocean_menu_typo_font_size_unit":"px","ocean_menu_typo_font_weight":"","ocean_menu_typo_font_weight_tablet":"","ocean_menu_typo_font_weight_mobile":"","ocean_menu_typo_transform":"","ocean_menu_typo_transform_tablet":"","ocean_menu_typo_transform_mobile":"","ocean_menu_typo_line_height":0,"ocean_menu_typo_line_height_tablet":0,"ocean_menu_typo_line_height_mobile":0,"ocean_menu_typo_line_height_unit":"","ocean_menu_typo_spacing":0,"ocean_menu_typo_spacing_tablet":0,"ocean_menu_typo_spacing_mobile":0,"ocean_menu_typo_spacing_unit":"","ocean_menu_link_color":"","ocean_menu_link_color_hover":"","ocean_menu_link_color_active":"","ocean_menu_link_background":"","ocean_menu_link_hover_background":"","ocean_menu_link_active_background":"","ocean_menu_social_links_bg":"","ocean_menu_social_hover_links_bg":"","ocean_menu_social_links_color":"","ocean_menu_social_hover_links_color":"","ocean_disable_title":"default","ocean_disable_heading":"default","ocean_post_title":"","ocean_post_subheading":"","ocean_post_title_style":"","ocean_post_title_background_color":"","ocean_post_title_background":0,"ocean_post_title_bg_image_position":"","ocean_post_title_bg_image_attachment":"","ocean_post_title_bg_image_repeat":"","ocean_post_title_bg_image_size":"","ocean_post_title_height":0,"ocean_post_title_bg_overlay":0.5,"ocean_post_title_bg_overlay_color":"","ocean_disable_breadcrumbs":"default","ocean_breadcrumbs_color":"","ocean_breadcrumbs_separator_color":"","ocean_breadcrumbs_links_color":"","ocean_breadcrumbs_links_hover_color":"","ocean_display_footer_widgets":"default","ocean_display_footer_bottom":"default","ocean_custom_footer_template":"0","footnotes":""},"class_list":["post-7192","page","type-page","status-publish","hentry","entry"],"_links":{"self":[{"href":"https:\/\/site.cpqba.unicamp.br\/en\/wp-json\/wp\/v2\/pages\/7192","targetHints":{"allow":["GET"]}}],"collection":[{"href":"https:\/\/site.cpqba.unicamp.br\/en\/wp-json\/wp\/v2\/pages"}],"about":[{"href":"https:\/\/site.cpqba.unicamp.br\/en\/wp-json\/wp\/v2\/types\/page"}],"author":[{"embeddable":true,"href":"https:\/\/site.cpqba.unicamp.br\/en\/wp-json\/wp\/v2\/users\/7"}],"replies":[{"embeddable":true,"href":"https:\/\/site.cpqba.unicamp.br\/en\/wp-json\/wp\/v2\/comments?post=7192"}],"version-history":[{"count":0,"href":"https:\/\/site.cpqba.unicamp.br\/en\/wp-json\/wp\/v2\/pages\/7192\/revisions"}],"wp:attachment":[{"href":"https:\/\/site.cpqba.unicamp.br\/en\/wp-json\/wp\/v2\/media?parent=7192"}],"curies":[{"name":"wp","href":"https:\/\/api.w.org\/{rel}","templated":true}]}}